{"id":125,"date":"2019-04-16T16:49:03","date_gmt":"2019-04-16T14:49:03","guid":{"rendered":"https:\/\/wordpress.rhein-main-blog.de\/?page_id=125"},"modified":"2026-03-18T20:18:28","modified_gmt":"2026-03-18T19:18:28","slug":"about","status":"publish","type":"page","link":"https:\/\/rhein-main-blog.de\/en\/about\/","title":{"rendered":"About"},"content":{"rendered":"<p>Herzlich willkommen und sch\u00f6n, dass du hier bist.<br><br>Du lebst in Frankfurt, Mainz, Wiesbaden oder einem der charmanten St\u00e4dtchen dazwischen und bist auf der Suche nach Ausflugstipps vor der Haust\u00fcr? Oder du planst einen Urlaub in der Region und freust dich \u00fcber Restaurant-Empfehlungen? Dann bist du hier genau richtig.<\/p>\n\n\n\n<p>Auf diesem Blog findest du alles, was das Leben und den Urlaub im&nbsp;Rhein-Main-Gebiet noch sch\u00f6ner macht. Tagesausfl\u00fcge in die Natur, Lieblingscaf\u00e9s, Buchtipps und Streifz\u00fcge durch die Nachbarschaft. Au\u00dferdem gibt&#8217;s regelm\u00e4\u00dfig Ideen f\u00fcr den n\u00e4chsten Wochenendkurzurlaub.<\/p>\n\n\n\n<h1 class=\"wp-block-heading\">Wer schreibt hier?<\/h1>\n\n\n\n<h4 class=\"wp-block-heading\">Sarah Waltinger<\/h4>\n\n\n\n<p>Mainzerin Sarah ist die Gr\u00fcnderin des Rhein-Main-Blogs und auch nach 30 Jahren gl\u00fccklich die sch\u00f6ne Stadt am Rhein ihr Zuhause nennen zu d\u00fcrfen. Wenn sie nicht gerade im Homeoffice f\u00fcr den Rhein-Main-Blog oder <a href=\"https:\/\/itchyfeet-travel.de\/\" target=\"_blank\" rel=\"noreferrer noopener\"><strong>Itchy Feet<\/strong><\/a> schreibt, trifft sie sich mit Freunden im Lieblingscaf\u00e9, schlendert \u00fcber Wochenm\u00e4rkte oder unternimmt Erkundungen in der Natur.<\/p>\n\n\n\n<figure class=\"wp-block-image size-large\"><img decoding=\"async\" src=\"https:\/\/rhein-main-blog.de\/wp-content\/uploads\/2020\/11\/Sarah-Waltinger-Itchy-Feet-Blog-Mainz02.jpg\" alt=\"\" class=\"wp-image-1644\"\/><\/figure>\n\n\n\n<h4 class=\"wp-block-heading\">Theresa Berke<\/h4>\n\n\n\n<p>Von der Hauptstadtmetropole Berlin zog es Theresa der Liebe wegen ins beschauliche Wiesbaden. Doch zu Hause trifft man sie tats\u00e4chlich eher selten, denn sie liebt das Reisen. Egal ob sch\u00f6ne St\u00e4dte, herrliche Natur, s\u00fc\u00dfe Cafes oder nette Restaurants \u2013 sie ist immer auf der Suche nach neuen Entdeckungen. Das Fotografieren ist dabei ihr kreativer Ausgleich zum Arbeitsalltag. Es erm\u00f6glicht ihr, unterwegs zu sein, Dinge aus einer anderen Perspektive wahrzunehmen und die sch\u00f6nen Momente f\u00fcr die Ewigkeit festzuhalten. Einige dieser Marmeladenglasmomente findet ihr auf ihrem Instagramprofil <a href=\"https:\/\/www.instagram.com\/_theresa.be\/\" target=\"_blank\" rel=\"noreferrer noopener\"><strong>@_theresa.be<\/strong><\/a>.<\/p>\n\n\n\n<figure class=\"wp-block-image size-large\"><img loading=\"lazy\" decoding=\"async\" width=\"1024\" height=\"683\" src=\"https:\/\/rhein-main-blog.de\/wp-content\/uploads\/2022\/09\/Theresa-Berke.jpg\" alt=\"\" class=\"wp-image-3273\" srcset=\"https:\/\/rhein-main-blog.de\/wp-content\/uploads\/2022\/09\/Theresa-Berke.jpg 1024w, https:\/\/rhein-main-blog.de\/wp-content\/uploads\/2022\/09\/Theresa-Berke-300x200.jpg 300w, https:\/\/rhein-main-blog.de\/wp-content\/uploads\/2022\/09\/Theresa-Berke-768x512.jpg 768w, https:\/\/rhein-main-blog.de\/wp-content\/uploads\/2022\/09\/Theresa-Berke-660x440.jpg 660w, https:\/\/rhein-main-blog.de\/wp-content\/uploads\/2022\/09\/Theresa-Berke-1000x667.jpg 1000w, https:\/\/rhein-main-blog.de\/wp-content\/uploads\/2022\/09\/Theresa-Berke-373x248.jpg 373w\" sizes=\"auto, (max-width: 1024px) 100vw, 1024px\" \/><\/figure>\n\n\n\n<h4 class=\"wp-block-heading\">Johanna Knerr<\/h4>\n\n\n\n<p>Johanna ist im Rhein-Main-Gebiet aufgewachsen und kennt somit den ein oder anderen Geheimtipp der Region. Sie steht eindeutig lieber hinter der Kamera und setzt auf \u201edie kleinen Momente im Leben\u201c. Diese mit der Kamera einzufangen, z\u00e4hlt neben herzerw\u00e4rmenden Schnappsch\u00fcssen zu ihren Lieblingsmotiven. Einen kleinen Einblick auf ihre Sicht der Welt k\u00f6nnt ihr auf Instagram unter <a href=\"https:\/\/www.instagram.com\/escapingthedailyroutine\/\" target=\"_blank\" rel=\"noreferrer noopener\"><strong>@escapingthedailyroutine<\/strong><\/a> erhalten.<\/p>\n\n\n\n<h4 class=\"wp-block-heading\">Carolin Runte<\/h4>\n\n\n\n<p>Carolin ist geb\u00fcrtige M\u00fcnsterl\u00e4nderin, aber schon vor vielen Jahren hat es sie beruflich ins Rhein-Main-Gebiet verschlagen. Obwohl sie sich (fast) keinen sch\u00f6neren Wohnort als Wiesbaden vorstellen kann, hat Carolin immer Reiselust und Fernweh im Gep\u00e4ck. Sie ist ein echter Foodie und ihre Bucket Liste f\u00fcr Cafes, Restaurants, Weinbars und Rooftops ist lang. Ausgleich vom Alltag findet Carolin beim Yoga, Mountainbiken oder Wandern und &#8211; seit neuestem &#8211; beim Golfen. Wenn sie dann noch von Katzen umgeben ist, ist ihre Welt perfekt. Einblicke in ihre gro\u00dfen und kleinen Abenteuer gibt Carolin auf ihrem Instagram-Account <a href=\"https:\/\/www.instagram.com\/hello_its_caro\/?hl=de\" target=\"_blank\" rel=\"noreferrer noopener\"><strong>@hello_its_caro<\/strong><\/a>.<\/p>\n\n\n\n<h2 class=\"wp-block-heading\">Lust Teil des Rhein-Main-Blogs zu werden?<\/h2>\n\n\n\n<p>Du bist oft im Rhein-Main-Gebiet unterwegs und hast eine Passion f\u00fcr Fotografie und das Schreiben? Wenn du Lust hast regelm\u00e4\u00dfig Beitr\u00e4ge auf dem Rhein-Main-Blog zu ver\u00f6ffentlichen, melde dich gerne via E-Mail.<\/p>\n\n\n\n<h2 class=\"wp-block-heading\">Let&#8217;s stay in touch<\/h2>\n\n\n\n<p>Bleibe immer up to date und folge Rhein-Main-Blog auf <a href=\"https:\/\/www.instagram.com\/rhein_main_blog\/?hl=de\"><strong>Instagram<\/strong><\/a>, <a href=\"https:\/\/www.facebook.com\/rheinmainblog\/?modal=admin_todo_tour\"><strong>Facebook <\/strong><\/a>und <a href=\"https:\/\/www.pinterest.de\/rheinmainblog\/\"><strong>Pinterest<\/strong><\/a>. Lust mitzupinnen? Dann schau mal <a href=\"https:\/\/www.pinterest.de\/sarahitchyfeet\/eskapaden-rhein-main-ausflugstipps-und-miniurlaub-\/\"><strong>hier <\/strong><\/a>vorbei.<\/p>","protected":false},"excerpt":{"rendered":"<p>Herzlich willkommen und sch\u00f6n, dass du hier bist. Du lebst in Frankfurt, Mainz, Wiesbaden oder einem der charmanten St\u00e4dtchen dazwischen und bist auf der Suche nach Ausflugstipps vor der Haust\u00fcr?&hellip; <a class=\"excerpt-more-link\" href=\"https:\/\/rhein-main-blog.de\/en\/about\/\">Read More<\/a><\/p>","protected":false},"author":2,"featured_media":0,"parent":0,"menu_order":0,"comment_status":"closed","ping_status":"closed","template":"","meta":{"footnotes":""},"class_list":["post-125","page","type-page","status-publish","hentry"],"yoast_head":"<!-- This site is optimized with the Yoast SEO plugin v22.9 - https:\/\/yoast.com\/wordpress\/plugins\/seo\/ -->\n<title>About - Rhein-Main-Blog<\/title>\n<meta name=\"robots\" content=\"index, follow, max-snippet:-1, max-image-preview:large, max-video-preview:-1\" \/>\n<link rel=\"canonical\" href=\"https:\/\/rhein-main-blog.de\/en\/about\/\" \/>\n<meta property=\"og:locale\" content=\"en_US\" \/>\n<meta property=\"og:type\" content=\"article\" \/>\n<meta property=\"og:title\" content=\"About - Rhein-Main-Blog\" \/>\n<meta property=\"og:description\" content=\"Herzlich willkommen und sch\u00f6n, dass du hier bist. Du lebst in Frankfurt, Mainz, Wiesbaden oder einem der charmanten St\u00e4dtchen dazwischen und bist auf der Suche nach Ausflugstipps vor der Haust\u00fcr?&hellip; Read More\" \/>\n<meta property=\"og:url\" content=\"https:\/\/rhein-main-blog.de\/en\/about\/\" \/>\n<meta property=\"og:site_name\" content=\"Rhein-Main-Blog\" \/>\n<meta property=\"article:modified_time\" content=\"2026-03-18T19:18:28+00:00\" \/>\n<meta property=\"og:image\" content=\"https:\/\/rhein-main-blog.de\/wp-content\/uploads\/2020\/11\/Sarah-Waltinger-Itchy-Feet-Blog-Mainz02.jpg\" \/>\n<meta name=\"twitter:card\" content=\"summary_large_image\" \/>\n<meta name=\"twitter:label1\" content=\"Est. reading time\" \/>\n\t<meta name=\"twitter:data1\" content=\"3 minutes\" \/>\n<script type=\"application\/ld+json\" class=\"yoast-schema-graph\">{\"@context\":\"https:\/\/schema.org\",\"@graph\":[{\"@type\":\"WebPage\",\"@id\":\"https:\/\/rhein-main-blog.de\/about\/\",\"url\":\"https:\/\/rhein-main-blog.de\/about\/\",\"name\":\"About - Rhein-Main-Blog\",\"isPartOf\":{\"@id\":\"https:\/\/rhein-main-blog.de\/#website\"},\"primaryImageOfPage\":{\"@id\":\"https:\/\/rhein-main-blog.de\/about\/#primaryimage\"},\"image\":{\"@id\":\"https:\/\/rhein-main-blog.de\/about\/#primaryimage\"},\"thumbnailUrl\":\"https:\/\/rhein-main-blog.de\/wp-content\/uploads\/2020\/11\/Sarah-Waltinger-Itchy-Feet-Blog-Mainz02.jpg\",\"datePublished\":\"2019-04-16T14:49:03+00:00\",\"dateModified\":\"2026-03-18T19:18:28+00:00\",\"breadcrumb\":{\"@id\":\"https:\/\/rhein-main-blog.de\/about\/#breadcrumb\"},\"inLanguage\":\"en-US\",\"potentialAction\":[{\"@type\":\"ReadAction\",\"target\":[\"https:\/\/rhein-main-blog.de\/about\/\"]}]},{\"@type\":\"ImageObject\",\"inLanguage\":\"en-US\",\"@id\":\"https:\/\/rhein-main-blog.de\/about\/#primaryimage\",\"url\":\"https:\/\/rhein-main-blog.de\/wp-content\/uploads\/2020\/11\/Sarah-Waltinger-Itchy-Feet-Blog-Mainz02.jpg\",\"contentUrl\":\"https:\/\/rhein-main-blog.de\/wp-content\/uploads\/2020\/11\/Sarah-Waltinger-Itchy-Feet-Blog-Mainz02.jpg\"},{\"@type\":\"BreadcrumbList\",\"@id\":\"https:\/\/rhein-main-blog.de\/about\/#breadcrumb\",\"itemListElement\":[{\"@type\":\"ListItem\",\"position\":1,\"name\":\"Startseite\",\"item\":\"https:\/\/rhein-main-blog.de\/\"},{\"@type\":\"ListItem\",\"position\":2,\"name\":\"About\"}]},{\"@type\":\"WebSite\",\"@id\":\"https:\/\/rhein-main-blog.de\/#website\",\"url\":\"https:\/\/rhein-main-blog.de\/\",\"name\":\"Rhein-Main-Blog\",\"description\":\"Die sch\u00f6nsten Ausflugsziele und Tipps f\u00fcr das Rhein-Main-Gebiet\",\"publisher\":{\"@id\":\"https:\/\/rhein-main-blog.de\/#organization\"},\"potentialAction\":[{\"@type\":\"SearchAction\",\"target\":{\"@type\":\"EntryPoint\",\"urlTemplate\":\"https:\/\/rhein-main-blog.de\/?s={search_term_string}\"},\"query-input\":\"required name=search_term_string\"}],\"inLanguage\":\"en-US\"},{\"@type\":\"Organization\",\"@id\":\"https:\/\/rhein-main-blog.de\/#organization\",\"name\":\"Rhein-Main-Blog\",\"url\":\"https:\/\/rhein-main-blog.de\/\",\"logo\":{\"@type\":\"ImageObject\",\"inLanguage\":\"en-US\",\"@id\":\"https:\/\/rhein-main-blog.de\/#\/schema\/logo\/image\/\",\"url\":\"https:\/\/rhein-main-blog.de\/wp-content\/uploads\/2020\/04\/cropped-Rhein-Main-Blog-Header-Sarah-Waltinger-1-2.png\",\"contentUrl\":\"https:\/\/rhein-main-blog.de\/wp-content\/uploads\/2020\/04\/cropped-Rhein-Main-Blog-Header-Sarah-Waltinger-1-2.png\",\"width\":512,\"height\":512,\"caption\":\"Rhein-Main-Blog\"},\"image\":{\"@id\":\"https:\/\/rhein-main-blog.de\/#\/schema\/logo\/image\/\"},\"sameAs\":[\"https:\/\/www.pinterest.de\/rheinmainblog\/\"]}]}<\/script>\n<!-- \/ Yoast SEO plugin. -->","yoast_head_json":{"title":"About - Rhein-Main-Blog","robots":{"index":"index","follow":"follow","max-snippet":"max-snippet:-1","max-image-preview":"max-image-preview:large","max-video-preview":"max-video-preview:-1"},"canonical":"https:\/\/rhein-main-blog.de\/en\/about\/","og_locale":"en_US","og_type":"article","og_title":"About - Rhein-Main-Blog","og_description":"Herzlich willkommen und sch\u00f6n, dass du hier bist. Du lebst in Frankfurt, Mainz, Wiesbaden oder einem der charmanten St\u00e4dtchen dazwischen und bist auf der Suche nach Ausflugstipps vor der Haust\u00fcr?&hellip; Read More","og_url":"https:\/\/rhein-main-blog.de\/en\/about\/","og_site_name":"Rhein-Main-Blog","article_modified_time":"2026-03-18T19:18:28+00:00","og_image":[{"url":"https:\/\/rhein-main-blog.de\/wp-content\/uploads\/2020\/11\/Sarah-Waltinger-Itchy-Feet-Blog-Mainz02.jpg"}],"twitter_card":"summary_large_image","twitter_misc":{"Est. reading time":"3 minutes"},"schema":{"@context":"https:\/\/schema.org","@graph":[{"@type":"WebPage","@id":"https:\/\/rhein-main-blog.de\/about\/","url":"https:\/\/rhein-main-blog.de\/about\/","name":"About - Rhein-Main-Blog","isPartOf":{"@id":"https:\/\/rhein-main-blog.de\/#website"},"primaryImageOfPage":{"@id":"https:\/\/rhein-main-blog.de\/about\/#primaryimage"},"image":{"@id":"https:\/\/rhein-main-blog.de\/about\/#primaryimage"},"thumbnailUrl":"https:\/\/rhein-main-blog.de\/wp-content\/uploads\/2020\/11\/Sarah-Waltinger-Itchy-Feet-Blog-Mainz02.jpg","datePublished":"2019-04-16T14:49:03+00:00","dateModified":"2026-03-18T19:18:28+00:00","breadcrumb":{"@id":"https:\/\/rhein-main-blog.de\/about\/#breadcrumb"},"inLanguage":"en-US","potentialAction":[{"@type":"ReadAction","target":["https:\/\/rhein-main-blog.de\/about\/"]}]},{"@type":"ImageObject","inLanguage":"en-US","@id":"https:\/\/rhein-main-blog.de\/about\/#primaryimage","url":"https:\/\/rhein-main-blog.de\/wp-content\/uploads\/2020\/11\/Sarah-Waltinger-Itchy-Feet-Blog-Mainz02.jpg","contentUrl":"https:\/\/rhein-main-blog.de\/wp-content\/uploads\/2020\/11\/Sarah-Waltinger-Itchy-Feet-Blog-Mainz02.jpg"},{"@type":"BreadcrumbList","@id":"https:\/\/rhein-main-blog.de\/about\/#breadcrumb","itemListElement":[{"@type":"ListItem","position":1,"name":"Startseite","item":"https:\/\/rhein-main-blog.de\/"},{"@type":"ListItem","position":2,"name":"About"}]},{"@type":"WebSite","@id":"https:\/\/rhein-main-blog.de\/#website","url":"https:\/\/rhein-main-blog.de\/","name":"Rhein-Main-Blog","description":"Die sch\u00f6nsten Ausflugsziele und Tipps f\u00fcr das Rhein-Main-Gebiet","publisher":{"@id":"https:\/\/rhein-main-blog.de\/#organization"},"potentialAction":[{"@type":"SearchAction","target":{"@type":"EntryPoint","urlTemplate":"https:\/\/rhein-main-blog.de\/?s={search_term_string}"},"query-input":"required name=search_term_string"}],"inLanguage":"en-US"},{"@type":"Organization","@id":"https:\/\/rhein-main-blog.de\/#organization","name":"Rhein-Main-Blog","url":"https:\/\/rhein-main-blog.de\/","logo":{"@type":"ImageObject","inLanguage":"en-US","@id":"https:\/\/rhein-main-blog.de\/#\/schema\/logo\/image\/","url":"https:\/\/rhein-main-blog.de\/wp-content\/uploads\/2020\/04\/cropped-Rhein-Main-Blog-Header-Sarah-Waltinger-1-2.png","contentUrl":"https:\/\/rhein-main-blog.de\/wp-content\/uploads\/2020\/04\/cropped-Rhein-Main-Blog-Header-Sarah-Waltinger-1-2.png","width":512,"height":512,"caption":"Rhein-Main-Blog"},"image":{"@id":"https:\/\/rhein-main-blog.de\/#\/schema\/logo\/image\/"},"sameAs":["https:\/\/www.pinterest.de\/rheinmainblog\/"]}]}},"_links":{"self":[{"href":"https:\/\/rhein-main-blog.de\/en\/wp-json\/wp\/v2\/pages\/125","targetHints":{"allow":["GET"]}}],"collection":[{"href":"https:\/\/rhein-main-blog.de\/en\/wp-json\/wp\/v2\/pages"}],"about":[{"href":"https:\/\/rhein-main-blog.de\/en\/wp-json\/wp\/v2\/types\/page"}],"author":[{"embeddable":true,"href":"https:\/\/rhein-main-blog.de\/en\/wp-json\/wp\/v2\/users\/2"}],"replies":[{"embeddable":true,"href":"https:\/\/rhein-main-blog.de\/en\/wp-json\/wp\/v2\/comments?post=125"}],"version-history":[{"count":35,"href":"https:\/\/rhein-main-blog.de\/en\/wp-json\/wp\/v2\/pages\/125\/revisions"}],"predecessor-version":[{"id":5136,"href":"https:\/\/rhein-main-blog.de\/en\/wp-json\/wp\/v2\/pages\/125\/revisions\/5136"}],"wp:attachment":[{"href":"https:\/\/rhein-main-blog.de\/en\/wp-json\/wp\/v2\/media?parent=125"}],"curies":[{"name":"wp","href":"https:\/\/api.w.org\/{rel}","templated":true}]}}