{"id":3641,"date":"2023-08-19T16:28:17","date_gmt":"2023-08-19T14:28:17","guid":{"rendered":"https:\/\/rhein-main-blog.de\/member-directory\/"},"modified":"2023-08-19T16:28:17","modified_gmt":"2023-08-19T14:28:17","slug":"member-directory","status":"publish","type":"page","link":"https:\/\/rhein-main-blog.de\/en\/member-directory\/","title":{"rendered":"Member Directory"},"content":{"rendered":"<!-- This WordPress member directory is built and powered by ProfilePress WordPress plugin - https:\/\/profilepress.com -->\r\n<style>#pp-member-directory-1.pp-member-directory .ppressmd-member-directory-header .ppressmd-member-directory-header-row .ppressmd-member-directory-search-line label .ppressmd-search-line,#pp-member-directory-1.pp-member-directory .ppressmd-member-directory-header .ppressmd-member-directory-header-row .ppressmd-search .ppressmd-search-filter.ppressmd-text-filter-type input:not(.select2-search__field),#pp-member-directory-1.pp-member-directory .ppressmd-member-directory-header .select2.select2-container .select2-selection {border:1px solid #dddddd !important;}#pp-member-directory-1.pp-member-directory .ppressmd-member-directory-header .ppressmd-member-directory-header-row .ppressmd-search .ppressmd-search-filter.ppressmd-text-filter-type input,#pp-member-directory-1.pp-member-directory .ppressmd-member-directory-header .ppressmd-member-directory-header-row .ppressmd-member-directory-search-line label .ppressmd-search-line,#pp-member-directory-1.pp-member-directory .ppressmd-member-directory-header .ppressmd-member-directory-header-row .ppressmd-member-directory-nav-line .ppress-material-icons,#pp-member-directory-1.pp-member-directory .ppressmd-member-directory-header .select2.select2-container .select2-selection__rendered {color:#666666 !important;}#pp-member-directory-1.pp-member-directory .ppmd-pagination-wrap .page-numbers {color:#666666 !important;}#pp-member-directory-1.pp-member-directory .ppmd-pagination-wrap .page-numbers.current {background:#007bff !important;color:#ffffff !important;}#pp-member-directory-1.ppress-md-default * {-webkit-box-sizing:border-box;-moz-box-sizing:border-box;box-sizing:border-box;-webkit-font-smoothing:antialiased !important;-moz-osx-font-smoothing:grayscale !important;}#pp-member-directory-1.ppress-md-default a {text-decoration:none !important;border-bottom:none !important;box-shadow:none !important;border-bottom:0 !important;}#pp-member-directory-1.ppress-md-default .ppmd-members-wrap {width:100%;margin:0 0 10px 0;padding:0;}#pp-member-directory-1.ppress-md-default .ppmd-member-gutter {width:2%;}#pp-member-directory-1.ppress-md-default .ppmd-member-wrap {background:#ffffff;text-align:center;margin-bottom:40px;border:1px solid #dddddd;width:32%;}#pp-member-directory-1.ppress-md-default.pp-member-directory.ppressui960 .ppmd-member-wrap,#pp-member-directory-1.ppress-md-default.pp-member-directory.ppressui800 .ppmd-member-wrap {width:48%;}#pp-member-directory-1.ppress-md-default.pp-member-directory.ppressui960 .ppmd-member-gutter,#pp-member-directory-1.ppress-md-default.pp-member-directory.ppressui800 .ppmd-member-gutter {width:4%;}#pp-member-directory-1.ppress-md-default.pp-member-directory.ppressui500 .ppmd-member-gutter,#pp-member-directory-1.ppress-md-default.pp-member-directory.ppressui340 .ppmd-member-gutter {width:0;}#pp-member-directory-1.ppress-md-default.pp-member-directory.ppressui500 .ppmd-member-wrap,#pp-member-directory-1.ppress-md-default.pp-member-directory.ppressui340 .ppmd-member-wrap {width:100%;}#pp-member-directory-1.ppress-md-default.pp-member-directory.ppressui960 .ppmd-member-wrap {width:48%;}#pp-member-directory-1.ppress-md-default.pp-member-directory.ppressui960 .ppmd-member-gutter {width:4%;}#pp-member-directory-1.ppress-md-default .ppmd-member-cover {height:170px;background-color:#eee;box-sizing:border-box;position:relative;}#pp-member-directory-1.ppress-md-default .ppress-md-profile-item-wrap {margin:0 0 5px;font-size:14px;padding:10px 15px 0;line-height:16px;}#pp-member-directory-1.ppress-md-default .ppress-md-profile-item-wrap:nth-child(2) {padding-top:0;padding-bottom:0;}#pp-member-directory-1.ppress-md-default .ppress-md-profile-item-wrap.profile-display-name a {line-height:26px;color:#444444;font-weight:700;font-size:16px;}#pp-member-directory-1.ppress-md-default .ppress-md-profile-item-title {font-weight:bold;display:block;}#pp-member-directory-1.ppress-md-default .ppress-md-member-cover-e {text-align:center;box-sizing:border-box;}#pp-member-directory-1.ppress-md-default .ppmd-member-photo {padding:0 0 20px 0;text-align:center;}#pp-member-directory-1.ppress-md-default .ppmd-no-cover .ppmd-member-photo {padding-top:30px;}#pp-member-directory-1.ppress-md-default .ppmd-member-photo a {text-decoration:none;box-shadow:none !important;display:inline !important;}#pp-member-directory-1.ppress-md-default .ppmd-member-photo a img {display:inline;border:5px solid #ffffff;background:#ffffff;border-radius:100%;width:90px;height:90px;position:relative;top:-35px;margin-bottom:-45px;float:none;}#pp-member-directory-1.ppress-md-default .ppmd-no-cover .ppmd-member-photo a img {top:auto;margin-bottom:0;width:140px;height:140px;}#pp-member-directory-1.ppress-md-default .ppmd-member-card {padding:0;padding-bottom:15px;color:#999999;}#pp-member-directory-1.ppress-md-default .ppmd-no-photo .ppmd-member-card {padding-top:15px;}#pp-member-directory-1.ppress-md-default .ppmd-no-cover .ppmd-member-card {padding-bottom:30px;}#pp-member-directory-1.ppress-md-default .ppress-md-member-cover-e img {width:100%;height:170px;box-shadow:none;overflow:hidden;-moz-border-radius:0;-webkit-border-radius:0;border-radius:0;margin:0;padding:0;}#pp-member-directory-1.ppress-md-default .ppmd-member-name {margin:0 0 4px 0;justify-content:center;}#pp-member-directory-1.ppress-md-default .ppress-md-member-meta {margin:20px 15px 0 15px;padding:15px 0 0;border-top:1px solid #e5e5e5;}#pp-member-directory-1.ppress-md-default .ppress-md-member-connect a {display:inline-block;width:40px;line-height:40px;height:40px;opacity:0.85;margin:0 1px;transition:0.25s;}#pp-member-directory-1.ppress-md-default .ppress-pf-profile-connect {padding-bottom:0;}<\/style><div id=\"pp-member-directory-1\" class=\"pp-form-wrapper pp-member-directory pp-member-directory-1 ppress-md-default\">\n        <div class=\"ppressmd-member-directory-header ppressmd-form\">\n\n            <form action=\"https:\/\/rhein-main-blog.de\/en\/wp-json\/wp\/v2\/pages\/3641\" method=\"get\" data-trp-original-action=\"https:\/\/rhein-main-blog.de\/en\/wp-json\/wp\/v2\/pages\/3641\">\n\n                        <div class=\"ppressmd-member-directory-header-row ppressmd-member-directory-search-row\">\n            <div class=\"ppressmd-member-directory-search-line\">\n                <label>\n                    <input name=\"search-1\" type=\"search\" class=\"ppressmd-search-line\" placeholder=\"Search\" value=\"\">\n                <\/label> <input type=\"submit\" class=\"ppressmd-do-search ppressmd-button\" value=\"Search\">\n            <\/div>\n        <\/div>\n        \n                <div class=\"ppressmd-member-directory-header-row\">\n                    <div class=\"ppressmd-member-directory-nav-line\">\n\n                        \n                        \n                    <\/div>\n                <\/div>\n\n                \n                <input type=\"hidden\" name=\"ppmd-search\" value=\"1\">\n\n            <input type=\"hidden\" name=\"trp-form-language\" value=\"en\"\/><\/form>\n\n        <\/div>\n                <div class=\"ppmd-members-wrap\">\n\n            <div class=\"ppmd-member-gutter\"><\/div>\n\n            \n                <div class=\"ppmd-member-wrap author\">\n                                            <div class=\"ppmd-member-cover\">\n                            <div class=\"ppress-md-member-cover-e\">\n                                <a href=\"https:\/\/rhein-main-blog.de\/en\/profile\/Caro\">\n                                                                    <\/a>\n                            <\/div>\n                        <\/div>\n                    \n                                            <div class=\"ppmd-member-photo\">\n                            <a href=\"https:\/\/rhein-main-blog.de\/en\/profile\/Caro\">\n                                <img data-del=\"avatar\" src='https:\/\/rhein-main-blog.de\/wp-content\/uploads\/2023\/10\/Carolin-Runte-Rhein-Main-Blog-1-von-1.jpg' class='avatar pp-user-avatar avatar-800 photo' height='800' width='800'\/>\n                            <\/a>\n                        <\/div>\n                    \n                    <div class=\"ppmd-member-card\">\n                        <div class=\"ppress-md-profile-item-wrap profile-display-name\"><a href=\"https:\/\/rhein-main-blog.de\/en\/profile\/Caro\">Caro<\/a><\/div><div class=\"ppress-md-profile-item-wrap profile-bio\">Caro ist geb\u00fcrtige M\u00fcnsterl\u00e4nderin, aber schon vor vielen Jahren hat es sie beruflich ins Rhein-Main-Gebiet verschlagen. Obwohl sie sich (fast) keinen sch\u00f6neren Wohnort als Wiesbaden vorstellen kann, hat sie immer Reiselust und Fernweh im Gep\u00e4ck. Caro ist ein echter Foodie und ihre Bucket Liste f\u00fcr Cafes, Restaurants, Weinbars und Rooftops ist lang. Ausgleich vom Alltag findet sie beim Yoga, Mountainbiken oder Wandern und - seit neuestem - beim Golfen. Wenn sie dann noch von Katzen umgeben ist, ist ihre Welt perfekt. Einblicke in ihre gro\u00dfen und kleinen Abenteuer gibt Caro auf ihrem Instagram-Account @hello_its_caro.<\/div>\n                                            <\/div>\n                <\/div>\n            \n                <div class=\"ppmd-member-wrap author\">\n                                            <div class=\"ppmd-member-cover\">\n                            <div class=\"ppress-md-member-cover-e\">\n                                <a href=\"https:\/\/rhein-main-blog.de\/en\/profile\/Johanna\">\n                                                                    <\/a>\n                            <\/div>\n                        <\/div>\n                    \n                                            <div class=\"ppmd-member-photo\">\n                            <a href=\"https:\/\/rhein-main-blog.de\/en\/profile\/Johanna\">\n                                <img data-del=\"avatar\" src='https:\/\/rhein-main-blog.de\/wp-content\/uploads\/2021\/04\/IMG_20200829_154651-2.jpg' class='avatar pp-user-avatar avatar-800 photo' height='800' width='800'\/>\n                            <\/a>\n                        <\/div>\n                    \n                    <div class=\"ppmd-member-card\">\n                        <div class=\"ppress-md-profile-item-wrap profile-display-name\"><a href=\"https:\/\/rhein-main-blog.de\/en\/profile\/Johanna\">Johanna<\/a><\/div><div class=\"ppress-md-profile-item-wrap profile-bio\">Johanna ist im Rhein-Main-Gebiet aufgewachsen und kennt somit den ein oder anderen Geheimtipp der Region. Sie steht eindeutig lieber hinter der Kamera und setzt auf \u201edie kleinen Momente im Leben\u201c. Diese mit der Kamera einzufangen, z\u00e4hlt neben herzerw\u00e4rmenden Schnappsch\u00fcssen zu ihren Lieblingsmotiven. Einen kleinen Einblick auf ihre Sicht der Welt k\u00f6nnt ihr auf Instagram unter @escapingthedailyroutine erhalten.<\/div>\n                                            <\/div>\n                <\/div>\n            \n                <div class=\"ppmd-member-wrap author\">\n                                            <div class=\"ppmd-member-cover\">\n                            <div class=\"ppress-md-member-cover-e\">\n                                <a href=\"https:\/\/rhein-main-blog.de\/en\/profile\/Theresa\">\n                                                                    <\/a>\n                            <\/div>\n                        <\/div>\n                    \n                                            <div class=\"ppmd-member-photo\">\n                            <a href=\"https:\/\/rhein-main-blog.de\/en\/profile\/Theresa\">\n                                <img data-del=\"avatar\" src='https:\/\/rhein-main-blog.de\/wp-content\/uploads\/2022\/09\/Theresa-Berke.jpg' class='avatar pp-user-avatar avatar-800 photo' height='800' width='800'\/>\n                            <\/a>\n                        <\/div>\n                    \n                    <div class=\"ppmd-member-card\">\n                        <div class=\"ppress-md-profile-item-wrap profile-display-name\"><a href=\"https:\/\/rhein-main-blog.de\/en\/profile\/Theresa\">Theresa<\/a><\/div><div class=\"ppress-md-profile-item-wrap profile-bio\">Von der Hauptstadtmetropole Berlin zog es Theresa der Liebe wegen ins beschauliche Wiesbaden. Doch zu Hause trifft man sie tats\u00e4chlich eher selten, denn sie liebt das Reisen. Egal ob sch\u00f6ne St\u00e4dte, herrliche Natur, s\u00fc\u00dfe Cafes oder nette Restaurants \u2013 sie ist immer auf der Suche nach neuen Entdeckungen. Das Fotografieren ist dabei ihr kreativer Ausgleich zum Arbeitsalltag. Es erm\u00f6glicht ihr, unterwegs zu sein, Dinge aus einer anderen Perspektive wahrzunehmen und die sch\u00f6nen Momente f\u00fcr die Ewigkeit festzuhalten. Einige dieser Marmeladenglasmomente findet ihr auf ihrem Instagramprofil @_theresa.be<\/div>\n                                            <\/div>\n                <\/div>\n            \n                <div class=\"ppmd-member-wrap administrator\">\n                                            <div class=\"ppmd-member-cover\">\n                            <div class=\"ppress-md-member-cover-e\">\n                                <a href=\"https:\/\/rhein-main-blog.de\/en\/profile\/Udo\">\n                                                                    <\/a>\n                            <\/div>\n                        <\/div>\n                    \n                                            <div class=\"ppmd-member-photo\">\n                            <a href=\"https:\/\/rhein-main-blog.de\/en\/profile\/Udo\">\n                                <img data-del=\"avatar\" src='https:\/\/rhein-main-blog.de\/wp-content\/uploads\/2020\/10\/Avatar-1000x1000.png' class='avatar pp-user-avatar avatar-800 photo' height='800' width='800'\/>\n                            <\/a>\n                        <\/div>\n                    \n                    <div class=\"ppmd-member-card\">\n                        <div class=\"ppress-md-profile-item-wrap profile-display-name\"><a href=\"https:\/\/rhein-main-blog.de\/en\/profile\/Udo\">Udo<\/a><\/div>\n                                            <\/div>\n                <\/div>\n            \n                <div class=\"ppmd-member-wrap administrator\">\n                                            <div class=\"ppmd-member-cover\">\n                            <div class=\"ppress-md-member-cover-e\">\n                                <a href=\"https:\/\/rhein-main-blog.de\/en\/profile\/Sarah\">\n                                                                    <\/a>\n                            <\/div>\n                        <\/div>\n                    \n                                            <div class=\"ppmd-member-photo\">\n                            <a href=\"https:\/\/rhein-main-blog.de\/en\/profile\/Sarah\">\n                                <img data-del=\"avatar\" src='https:\/\/rhein-main-blog.de\/wp-content\/uploads\/2020\/11\/Sarah-Waltinger-Itchy-Feet-Blog-Mainz02-e1622966870914.jpg' class='avatar pp-user-avatar avatar-800 photo' height='800' width='800'\/>\n                            <\/a>\n                        <\/div>\n                    \n                    <div class=\"ppmd-member-card\">\n                        <div class=\"ppress-md-profile-item-wrap profile-display-name\"><a href=\"https:\/\/rhein-main-blog.de\/en\/profile\/Sarah\">Sarah<\/a><\/div><div class=\"ppress-md-profile-item-wrap profile-bio\">Mainzerin Sarah ist die Gr\u00fcnderin des Rhein-Main-Blogs und auch nach 30 Jahren gl\u00fccklich die sch\u00f6ne Stadt am Rhein ihr Zuhause nennen zu d\u00fcrfen. Wenn sie nicht gerade im Homeoffice arbeitet oder die Welt bereist, trifft sie sich mit Freunden im Lieblingscaf\u00e9, schlendert \u00fcber Wochenm\u00e4rkte und unternimmt Erkundungen in der Natur.<\/div>\n                                            <\/div>\n                <\/div>\n            \n                <div class=\"ppmd-member-wrap administrator\">\n                                            <div class=\"ppmd-member-cover\">\n                            <div class=\"ppress-md-member-cover-e\">\n                                <a href=\"https:\/\/rhein-main-blog.de\/en\/profile\/rene\">\n                                                                    <\/a>\n                            <\/div>\n                        <\/div>\n                    \n                                            <div class=\"ppmd-member-photo\">\n                            <a href=\"https:\/\/rhein-main-blog.de\/en\/profile\/rene\">\n                                <img data-del=\"avatar\" src='https:\/\/rhein-main-blog.de\/wp-content\/uploads\/2020\/10\/Avatar-1000x1000.png' class='avatar pp-user-avatar avatar-800 photo' height='800' width='800'\/>\n                            <\/a>\n                        <\/div>\n                    \n                    <div class=\"ppmd-member-card\">\n                        <div class=\"ppress-md-profile-item-wrap profile-display-name\"><a href=\"https:\/\/rhein-main-blog.de\/en\/profile\/rene\">rene<\/a><\/div>\n                                            <\/div>\n                <\/div>\n                    <\/div>\n        <\/div>\r\n<!-- \/ ProfilePress WordPress plugin. -->","protected":false},"excerpt":{"rendered":"","protected":false},"author":2,"featured_media":0,"parent":0,"menu_order":0,"comment_status":"closed","ping_status":"closed","template":"","meta":{"footnotes":""},"class_list":["post-3641","page","type-page","status-publish","hentry"],"yoast_head":"<!-- This site is optimized with the Yoast SEO plugin v22.9 - https:\/\/yoast.com\/wordpress\/plugins\/seo\/ -->\n<title>Member Directory - Rhein-Main-Blog<\/title>\n<meta name=\"robots\" content=\"index, follow, max-snippet:-1, max-image-preview:large, max-video-preview:-1\" \/>\n<link rel=\"canonical\" href=\"https:\/\/rhein-main-blog.de\/en\/member-directory\/\" \/>\n<meta property=\"og:locale\" content=\"en_US\" \/>\n<meta property=\"og:type\" content=\"article\" \/>\n<meta property=\"og:title\" content=\"Member Directory - Rhein-Main-Blog\" \/>\n<meta property=\"og:url\" content=\"https:\/\/rhein-main-blog.de\/en\/member-directory\/\" \/>\n<meta property=\"og:site_name\" content=\"Rhein-Main-Blog\" \/>\n<meta name=\"twitter:card\" content=\"summary_large_image\" \/>\n<script type=\"application\/ld+json\" class=\"yoast-schema-graph\">{\"@context\":\"https:\/\/schema.org\",\"@graph\":[{\"@type\":\"WebPage\",\"@id\":\"https:\/\/rhein-main-blog.de\/member-directory\/\",\"url\":\"https:\/\/rhein-main-blog.de\/member-directory\/\",\"name\":\"Member Directory - Rhein-Main-Blog\",\"isPartOf\":{\"@id\":\"https:\/\/rhein-main-blog.de\/#website\"},\"datePublished\":\"2023-08-19T14:28:17+00:00\",\"dateModified\":\"2023-08-19T14:28:17+00:00\",\"breadcrumb\":{\"@id\":\"https:\/\/rhein-main-blog.de\/member-directory\/#breadcrumb\"},\"inLanguage\":\"en-US\",\"potentialAction\":[{\"@type\":\"ReadAction\",\"target\":[\"https:\/\/rhein-main-blog.de\/member-directory\/\"]}]},{\"@type\":\"BreadcrumbList\",\"@id\":\"https:\/\/rhein-main-blog.de\/member-directory\/#breadcrumb\",\"itemListElement\":[{\"@type\":\"ListItem\",\"position\":1,\"name\":\"Startseite\",\"item\":\"https:\/\/rhein-main-blog.de\/\"},{\"@type\":\"ListItem\",\"position\":2,\"name\":\"Member Directory\"}]},{\"@type\":\"WebSite\",\"@id\":\"https:\/\/rhein-main-blog.de\/#website\",\"url\":\"https:\/\/rhein-main-blog.de\/\",\"name\":\"Rhein-Main-Blog\",\"description\":\"Die sch\u00f6nsten Ausflugsziele und Tipps f\u00fcr das Rhein-Main-Gebiet\",\"publisher\":{\"@id\":\"https:\/\/rhein-main-blog.de\/#organization\"},\"potentialAction\":[{\"@type\":\"SearchAction\",\"target\":{\"@type\":\"EntryPoint\",\"urlTemplate\":\"https:\/\/rhein-main-blog.de\/?s={search_term_string}\"},\"query-input\":\"required name=search_term_string\"}],\"inLanguage\":\"en-US\"},{\"@type\":\"Organization\",\"@id\":\"https:\/\/rhein-main-blog.de\/#organization\",\"name\":\"Rhein-Main-Blog\",\"url\":\"https:\/\/rhein-main-blog.de\/\",\"logo\":{\"@type\":\"ImageObject\",\"inLanguage\":\"en-US\",\"@id\":\"https:\/\/rhein-main-blog.de\/#\/schema\/logo\/image\/\",\"url\":\"https:\/\/rhein-main-blog.de\/wp-content\/uploads\/2020\/04\/cropped-Rhein-Main-Blog-Header-Sarah-Waltinger-1-2.png\",\"contentUrl\":\"https:\/\/rhein-main-blog.de\/wp-content\/uploads\/2020\/04\/cropped-Rhein-Main-Blog-Header-Sarah-Waltinger-1-2.png\",\"width\":512,\"height\":512,\"caption\":\"Rhein-Main-Blog\"},\"image\":{\"@id\":\"https:\/\/rhein-main-blog.de\/#\/schema\/logo\/image\/\"},\"sameAs\":[\"https:\/\/www.pinterest.de\/rheinmainblog\/\"]}]}<\/script>\n<!-- \/ Yoast SEO plugin. -->","yoast_head_json":{"title":"Member Directory - Rhein-Main-Blog","robots":{"index":"index","follow":"follow","max-snippet":"max-snippet:-1","max-image-preview":"max-image-preview:large","max-video-preview":"max-video-preview:-1"},"canonical":"https:\/\/rhein-main-blog.de\/en\/member-directory\/","og_locale":"en_US","og_type":"article","og_title":"Member Directory - Rhein-Main-Blog","og_url":"https:\/\/rhein-main-blog.de\/en\/member-directory\/","og_site_name":"Rhein-Main-Blog","twitter_card":"summary_large_image","schema":{"@context":"https:\/\/schema.org","@graph":[{"@type":"WebPage","@id":"https:\/\/rhein-main-blog.de\/member-directory\/","url":"https:\/\/rhein-main-blog.de\/member-directory\/","name":"Member Directory - Rhein-Main-Blog","isPartOf":{"@id":"https:\/\/rhein-main-blog.de\/#website"},"datePublished":"2023-08-19T14:28:17+00:00","dateModified":"2023-08-19T14:28:17+00:00","breadcrumb":{"@id":"https:\/\/rhein-main-blog.de\/member-directory\/#breadcrumb"},"inLanguage":"en-US","potentialAction":[{"@type":"ReadAction","target":["https:\/\/rhein-main-blog.de\/member-directory\/"]}]},{"@type":"BreadcrumbList","@id":"https:\/\/rhein-main-blog.de\/member-directory\/#breadcrumb","itemListElement":[{"@type":"ListItem","position":1,"name":"Startseite","item":"https:\/\/rhein-main-blog.de\/"},{"@type":"ListItem","position":2,"name":"Member Directory"}]},{"@type":"WebSite","@id":"https:\/\/rhein-main-blog.de\/#website","url":"https:\/\/rhein-main-blog.de\/","name":"Rhein-Main-Blog","description":"Die sch\u00f6nsten Ausflugsziele und Tipps f\u00fcr das Rhein-Main-Gebiet","publisher":{"@id":"https:\/\/rhein-main-blog.de\/#organization"},"potentialAction":[{"@type":"SearchAction","target":{"@type":"EntryPoint","urlTemplate":"https:\/\/rhein-main-blog.de\/?s={search_term_string}"},"query-input":"required name=search_term_string"}],"inLanguage":"en-US"},{"@type":"Organization","@id":"https:\/\/rhein-main-blog.de\/#organization","name":"Rhein-Main-Blog","url":"https:\/\/rhein-main-blog.de\/","logo":{"@type":"ImageObject","inLanguage":"en-US","@id":"https:\/\/rhein-main-blog.de\/#\/schema\/logo\/image\/","url":"https:\/\/rhein-main-blog.de\/wp-content\/uploads\/2020\/04\/cropped-Rhein-Main-Blog-Header-Sarah-Waltinger-1-2.png","contentUrl":"https:\/\/rhein-main-blog.de\/wp-content\/uploads\/2020\/04\/cropped-Rhein-Main-Blog-Header-Sarah-Waltinger-1-2.png","width":512,"height":512,"caption":"Rhein-Main-Blog"},"image":{"@id":"https:\/\/rhein-main-blog.de\/#\/schema\/logo\/image\/"},"sameAs":["https:\/\/www.pinterest.de\/rheinmainblog\/"]}]}},"_links":{"self":[{"href":"https:\/\/rhein-main-blog.de\/en\/wp-json\/wp\/v2\/pages\/3641","targetHints":{"allow":["GET"]}}],"collection":[{"href":"https:\/\/rhein-main-blog.de\/en\/wp-json\/wp\/v2\/pages"}],"about":[{"href":"https:\/\/rhein-main-blog.de\/en\/wp-json\/wp\/v2\/types\/page"}],"author":[{"embeddable":true,"href":"https:\/\/rhein-main-blog.de\/en\/wp-json\/wp\/v2\/users\/2"}],"replies":[{"embeddable":true,"href":"https:\/\/rhein-main-blog.de\/en\/wp-json\/wp\/v2\/comments?post=3641"}],"version-history":[{"count":0,"href":"https:\/\/rhein-main-blog.de\/en\/wp-json\/wp\/v2\/pages\/3641\/revisions"}],"wp:attachment":[{"href":"https:\/\/rhein-main-blog.de\/en\/wp-json\/wp\/v2\/media?parent=3641"}],"curies":[{"name":"wp","href":"https:\/\/api.w.org\/{rel}","templated":true}]}}