{"id":95,"date":"2019-04-16T15:53:06","date_gmt":"2019-04-16T13:53:06","guid":{"rendered":"https:\/\/wordpress.rhein-main-blog.de\/?page_id=95"},"modified":"2021-01-26T15:01:24","modified_gmt":"2021-01-26T14:01:24","slug":"impressum","status":"publish","type":"page","link":"https:\/\/rhein-main-blog.de\/en\/impressum\/","title":{"rendered":"Impressum"},"content":{"rendered":"\n<p>Herausgeber: Rhein Main Blog<\/p>\n\n\n\n<p>Verantwortlich im Sinne des Telemediengesetzes (TGM)<br>und des \u00a7 55 Absatz 2 Rundfunkstaatsvertrag (RStV):<\/p>\n\n\n\n<p>Sarah Waltinger<br>Ginsheimer Str. 1<br>65462 Ginsheim-Gustavsburg<\/p>\n\n\n\n<p>Mail: sarah [@] rhein-main-blog [Punkt] de<\/p>\n\n\n\n<p>IT-Realisation: Ren\u00e9 Bamberger<br>Mail: service [@] bamberger-it [Punkt] de<br>Internet: <a href=\"https:\/\/www.bamberger-it.de\">www.bamberger-it.de<\/a><\/p>\n\n\n\n<p>Haftungsbeschr\u00e4nkung Die Inhalte dieser Website werden von uns mit gr\u00f6\u00dftm\u00f6glicher Sorgfalt erstellt. Als Anbieter \u00fcbernehmen wir jedoch keine Gew\u00e4hr f\u00fcr die Richtigkeit, Vollst\u00e4ndigkeit und Aktualit\u00e4t der bereitgestellten Inhalte. Die Nutzung der Inhalte der Website erfolgt stets auf eigene Gefahr des Nutzers. Mit der Nutzung dieser Website erkl\u00e4rt sich deshalb jeder Nutzer ausdr\u00fccklich einverstanden, jegliches Risiko selbst zu tragen. Namentlich gekennzeichnete Beitr\u00e4ge geben in der Regel die Meinung des jeweiligen Autors und nicht zwangsl\u00e4ufig die Meinung des Anbieters wieder. Mit der reinen Nutzung der Website des Anbieters kommt grunds\u00e4tzlich keinerlei Vertragsverh\u00e4ltnis zwischen dem Nutzer und dem Anbieter zustande.<\/p>\n\n\n\n<p>Externe Links<br>Grunds\u00e4tzlich verwendet rhein-main-blog.de keine Links. Diese Website kann dennoch Verkn\u00fcpfungen zu Websites Dritter (externe Links) enthalten. Diese Websites unterliegen dann der Haftung der jeweiligen Betreiber. Der Anbieter hat keinerlei Einfluss auf die Gestaltung und Inhalte eventuell verkn\u00fcpfter Seiten. Eine st\u00e4ndige Kontrolle externer Links ist f\u00fcr den Anbieter ohne konkrete Hinweise auf Rechtsverst\u00f6\u00dfe nicht zumutbar. Bei Kenntnis solcher Rechtsverst\u00f6\u00dfen werden jedoch derartige externe Links, sofern sich solche \u00fcberhaupt auf dieser Website befinden sollten, unverz\u00fcglich gel\u00f6scht.<\/p>\n\n\n\n<p>Urheberrechte<br>Die auf dieser Website ver\u00f6ffentlichten Inhalte unterliegen dem deutschen Urheber- und Leistungsschutzrecht. Jede vom Urheber- und Leistungsschutzrecht nicht zugelassene Verwertung bedarf der vorherigen schriftlichen Zustimmung des Anbieters. Die Verwertung f\u00fcr den pers\u00f6nlichen Gebrauch ist jedoch erlaubt.<\/p>\n\n\n\n<p>Datenschutzerkl\u00e4rung<br>Wir weisen ausdr\u00fccklich darauf hin, dass die Daten\u00fcbertragung im Internet Sicherheitsl\u00fccken aufweist und nicht vor dem Zugriff durch Dritte gesch\u00fctzt werden kann. Jeder kann unsere Website ohne Angabe personenbezogener Daten besuchen. Soweit auf unseren Seiten personenbezogene Daten erhoben werden, erfolgt dies auf freiwilliger Basis der Nutzer. Diese Daten werden ohne ausdr\u00fcckliche Zustimmung nicht an Dritte weitergegeben. Auf Anordnung entsprechend zust\u00e4ndiger Stellen d\u00fcrfen wir jedoch im Einzelfall Auskunft \u00fcber Daten erteilen, soweit dies aus juristischen Gr\u00fcnden erforderlich ist.<br>Besondere Datenschutzhinweise zu WordPress<br>Rhein-Main-Blog.de basiert auf WordPress. Die unter den Datenschutzhinweisen genannten Daten werden also auch auf Servern in den USA gespeichert. WordPress beziehungsweise Automattic Inc. sichern jedoch zu, diese Daten nur aufgrund von gesetzlich bestehenden Vorschriften an Dritte weiterzugeben. Dritte meint andere nat\u00fcrliche oder juristische Personen als WordPress, Automattic Inc. oder den Betreiber dieser Website.<br>WordPress setzt mittels Automattic Inc. Cookies ein, um die Nutzerfrequenz messen zu k\u00f6nnen. Cookies sind kleine Textdateien, die auf dem Computer des Nutzers hinterlegt werden und die Informationen \u00fcber den Besuch einer Webseite speichern, um wiederholte Besuche zu identifizieren. Dar\u00fcber hinaus werden durch Cookies gewonnenen Daten dazu genutzt, Statistiken anzulegen. Diese Daten sind jedoch anonym und werden nicht mit personenbezogenen Daten in Verbindung gebracht. Nutzer k\u00f6nnen aber diese Cookies gegebenenfalls durch eine entsprechende Einstellung ihres Browsers unterbinden.<br>Zu unserer Sicherheit verwenden wir ein Anti Spam Plugin, um m\u00f6glichen Spam zu verhindern. Dieses Plugin kommuniziert angeblich mit keinem Server. Wir weisen aber ausdr\u00fccklich darauf hin, dass wir keinen Einfluss darauf haben, welche Informationen wo und auf welche Weise gespeichert werden und k\u00f6nnen auch einen m\u00f6glichen Missbrauch abgegriffener Daten in keiner Weise verhindern.<\/p>\n\n\n\n<p>Datenschutzerkl\u00e4rung f\u00fcr Facebook-Plugins<br>Diese Website nutzt Plugins des Anbieters Facebook.com, welche durch die Facebook Inc. in den USA bereitgestellt werden. Nutzer dieser Website werden hiermit darauf hingewiesen, dass durch diese Plugins eine Verbindung zu Facebook aufgebaut wird, wodurch Daten an die Facebook-Server weitergeleitet werden. Dies hat f\u00fcr Facebook-Nutzer zur Folge, dass die Nutzungsdaten dem pers\u00f6nlichen Facebook-Account zugeordnet werden.<\/p>\n\n\n\n<p>Datenschutzerkl\u00e4rung f\u00fcr Google Analytics<br>Diese Website benutzt Google Analytics, einen Webanalysedienst der Google Inc.. Dieser verwendet Cookies, also kleine Textdateien, die dem Computer gespeichert werden und eine Analyse der jeweiligen Nutzung der Website erm\u00f6glichen. Diese Informationen werden an einen Server von Google in den USA \u00fcbertragen und dort gespeichert. Die Speicherung der Cookies kann jedoch gegebenenfalls durch eine entsprechende Einstellung des Browsers verhindert werden.<\/p>\n\n\n\n<p>Salvatorische Klausel<br>Sollten einzelne Bestimmungen unwirksam oder undurchf\u00fchrbar sein, oder sp\u00e4ter unwirksam oder undurchf\u00fchrbar werden, so wird dadurch die Wirksamkeit der vorgenannten \u00fcbrigen Bestimmungen oder eines gegebenenfalls entstandenen Vertrages nicht ber\u00fchrt. An die Stelle der unwirksamen oder undurchf\u00fchrbaren Bestimmungen soll diejenige wirksame und durchf\u00fchrbare Regelung treten, deren Wirkung der ideellen oder wirtschaftlichen Zielsetzung m\u00f6glichst nahe kommt, die Nutzer und Anbieter dieser Website oder gegebenenfalls Vertragspartner mit der unwirksamen oder undurchf\u00fchrbaren Bestimmung verfolgt haben.<\/p>\n\n\n\n<p>\u00a9 Die Copyrights f\u00fcr alle Bilder, Grafiken und Texte, wenn nicht ausdr\u00fccklich anders erw\u00e4hnt, liegen bei Sarah Waltinger.<\/p>\n","protected":false},"excerpt":{"rendered":"<p>Herausgeber: Rhein Main Blog Verantwortlich im Sinne des Telemediengesetzes (TGM)und des \u00a7 55 Absatz 2 Rundfunkstaatsvertrag (RStV): Sarah WaltingerGinsheimer Str. 165462 Ginsheim-Gustavsburg Mail: sarah [@] rhein-main-blog [Punkt] de IT-Realisation: Ren\u00e9&hellip; <a class=\"excerpt-more-link\" href=\"https:\/\/rhein-main-blog.de\/en\/impressum\/\">Read More<\/a><\/p>\n","protected":false},"author":2,"featured_media":0,"parent":0,"menu_order":0,"comment_status":"closed","ping_status":"closed","template":"","meta":{"footnotes":""},"class_list":["post-95","page","type-page","status-publish","hentry"],"yoast_head":"<!-- This site is optimized with the Yoast SEO plugin v22.9 - https:\/\/yoast.com\/wordpress\/plugins\/seo\/ -->\n<title>Impressum - Rhein-Main-Blog<\/title>\n<meta name=\"robots\" content=\"index, follow, max-snippet:-1, max-image-preview:large, max-video-preview:-1\" \/>\n<link rel=\"canonical\" href=\"https:\/\/rhein-main-blog.de\/en\/impressum\/\" \/>\n<meta property=\"og:locale\" content=\"en_US\" \/>\n<meta property=\"og:type\" content=\"article\" \/>\n<meta property=\"og:title\" content=\"Impressum - Rhein-Main-Blog\" \/>\n<meta property=\"og:description\" content=\"Herausgeber: Rhein Main Blog Verantwortlich im Sinne des Telemediengesetzes (TGM)und des \u00a7 55 Absatz 2 Rundfunkstaatsvertrag (RStV): Sarah WaltingerGinsheimer Str. 165462 Ginsheim-Gustavsburg Mail: sarah [@] rhein-main-blog [Punkt] de IT-Realisation: Ren\u00e9&hellip; Read More\" \/>\n<meta property=\"og:url\" content=\"https:\/\/rhein-main-blog.de\/en\/impressum\/\" \/>\n<meta property=\"og:site_name\" content=\"Rhein-Main-Blog\" \/>\n<meta property=\"article:modified_time\" content=\"2021-01-26T14:01:24+00:00\" \/>\n<meta name=\"twitter:card\" content=\"summary_large_image\" \/>\n<meta name=\"twitter:label1\" content=\"Est. reading time\" \/>\n\t<meta name=\"twitter:data1\" content=\"4 minutes\" \/>\n<script type=\"application\/ld+json\" class=\"yoast-schema-graph\">{\"@context\":\"https:\/\/schema.org\",\"@graph\":[{\"@type\":\"WebPage\",\"@id\":\"https:\/\/rhein-main-blog.de\/impressum\/\",\"url\":\"https:\/\/rhein-main-blog.de\/impressum\/\",\"name\":\"Impressum - Rhein-Main-Blog\",\"isPartOf\":{\"@id\":\"https:\/\/rhein-main-blog.de\/#website\"},\"datePublished\":\"2019-04-16T13:53:06+00:00\",\"dateModified\":\"2021-01-26T14:01:24+00:00\",\"breadcrumb\":{\"@id\":\"https:\/\/rhein-main-blog.de\/impressum\/#breadcrumb\"},\"inLanguage\":\"en-US\",\"potentialAction\":[{\"@type\":\"ReadAction\",\"target\":[\"https:\/\/rhein-main-blog.de\/impressum\/\"]}]},{\"@type\":\"BreadcrumbList\",\"@id\":\"https:\/\/rhein-main-blog.de\/impressum\/#breadcrumb\",\"itemListElement\":[{\"@type\":\"ListItem\",\"position\":1,\"name\":\"Startseite\",\"item\":\"https:\/\/rhein-main-blog.de\/\"},{\"@type\":\"ListItem\",\"position\":2,\"name\":\"Impressum\"}]},{\"@type\":\"WebSite\",\"@id\":\"https:\/\/rhein-main-blog.de\/#website\",\"url\":\"https:\/\/rhein-main-blog.de\/\",\"name\":\"Rhein-Main-Blog\",\"description\":\"Die sch\u00f6nsten Ausflugsziele und Tipps f\u00fcr das Rhein-Main-Gebiet\",\"publisher\":{\"@id\":\"https:\/\/rhein-main-blog.de\/#organization\"},\"potentialAction\":[{\"@type\":\"SearchAction\",\"target\":{\"@type\":\"EntryPoint\",\"urlTemplate\":\"https:\/\/rhein-main-blog.de\/?s={search_term_string}\"},\"query-input\":\"required name=search_term_string\"}],\"inLanguage\":\"en-US\"},{\"@type\":\"Organization\",\"@id\":\"https:\/\/rhein-main-blog.de\/#organization\",\"name\":\"Rhein-Main-Blog\",\"url\":\"https:\/\/rhein-main-blog.de\/\",\"logo\":{\"@type\":\"ImageObject\",\"inLanguage\":\"en-US\",\"@id\":\"https:\/\/rhein-main-blog.de\/#\/schema\/logo\/image\/\",\"url\":\"https:\/\/rhein-main-blog.de\/wp-content\/uploads\/2020\/04\/cropped-Rhein-Main-Blog-Header-Sarah-Waltinger-1-2.png\",\"contentUrl\":\"https:\/\/rhein-main-blog.de\/wp-content\/uploads\/2020\/04\/cropped-Rhein-Main-Blog-Header-Sarah-Waltinger-1-2.png\",\"width\":512,\"height\":512,\"caption\":\"Rhein-Main-Blog\"},\"image\":{\"@id\":\"https:\/\/rhein-main-blog.de\/#\/schema\/logo\/image\/\"},\"sameAs\":[\"https:\/\/www.pinterest.de\/rheinmainblog\/\"]}]}<\/script>\n<!-- \/ Yoast SEO plugin. -->","yoast_head_json":{"title":"Impressum - Rhein-Main-Blog","robots":{"index":"index","follow":"follow","max-snippet":"max-snippet:-1","max-image-preview":"max-image-preview:large","max-video-preview":"max-video-preview:-1"},"canonical":"https:\/\/rhein-main-blog.de\/en\/impressum\/","og_locale":"en_US","og_type":"article","og_title":"Impressum - Rhein-Main-Blog","og_description":"Herausgeber: Rhein Main Blog Verantwortlich im Sinne des Telemediengesetzes (TGM)und des \u00a7 55 Absatz 2 Rundfunkstaatsvertrag (RStV): Sarah WaltingerGinsheimer Str. 165462 Ginsheim-Gustavsburg Mail: sarah [@] rhein-main-blog [Punkt] de IT-Realisation: Ren\u00e9&hellip; Read More","og_url":"https:\/\/rhein-main-blog.de\/en\/impressum\/","og_site_name":"Rhein-Main-Blog","article_modified_time":"2021-01-26T14:01:24+00:00","twitter_card":"summary_large_image","twitter_misc":{"Est. reading time":"4 minutes"},"schema":{"@context":"https:\/\/schema.org","@graph":[{"@type":"WebPage","@id":"https:\/\/rhein-main-blog.de\/impressum\/","url":"https:\/\/rhein-main-blog.de\/impressum\/","name":"Impressum - Rhein-Main-Blog","isPartOf":{"@id":"https:\/\/rhein-main-blog.de\/#website"},"datePublished":"2019-04-16T13:53:06+00:00","dateModified":"2021-01-26T14:01:24+00:00","breadcrumb":{"@id":"https:\/\/rhein-main-blog.de\/impressum\/#breadcrumb"},"inLanguage":"en-US","potentialAction":[{"@type":"ReadAction","target":["https:\/\/rhein-main-blog.de\/impressum\/"]}]},{"@type":"BreadcrumbList","@id":"https:\/\/rhein-main-blog.de\/impressum\/#breadcrumb","itemListElement":[{"@type":"ListItem","position":1,"name":"Startseite","item":"https:\/\/rhein-main-blog.de\/"},{"@type":"ListItem","position":2,"name":"Impressum"}]},{"@type":"WebSite","@id":"https:\/\/rhein-main-blog.de\/#website","url":"https:\/\/rhein-main-blog.de\/","name":"Rhein-Main-Blog","description":"Die sch\u00f6nsten Ausflugsziele und Tipps f\u00fcr das Rhein-Main-Gebiet","publisher":{"@id":"https:\/\/rhein-main-blog.de\/#organization"},"potentialAction":[{"@type":"SearchAction","target":{"@type":"EntryPoint","urlTemplate":"https:\/\/rhein-main-blog.de\/?s={search_term_string}"},"query-input":"required name=search_term_string"}],"inLanguage":"en-US"},{"@type":"Organization","@id":"https:\/\/rhein-main-blog.de\/#organization","name":"Rhein-Main-Blog","url":"https:\/\/rhein-main-blog.de\/","logo":{"@type":"ImageObject","inLanguage":"en-US","@id":"https:\/\/rhein-main-blog.de\/#\/schema\/logo\/image\/","url":"https:\/\/rhein-main-blog.de\/wp-content\/uploads\/2020\/04\/cropped-Rhein-Main-Blog-Header-Sarah-Waltinger-1-2.png","contentUrl":"https:\/\/rhein-main-blog.de\/wp-content\/uploads\/2020\/04\/cropped-Rhein-Main-Blog-Header-Sarah-Waltinger-1-2.png","width":512,"height":512,"caption":"Rhein-Main-Blog"},"image":{"@id":"https:\/\/rhein-main-blog.de\/#\/schema\/logo\/image\/"},"sameAs":["https:\/\/www.pinterest.de\/rheinmainblog\/"]}]}},"_links":{"self":[{"href":"https:\/\/rhein-main-blog.de\/en\/wp-json\/wp\/v2\/pages\/95","targetHints":{"allow":["GET"]}}],"collection":[{"href":"https:\/\/rhein-main-blog.de\/en\/wp-json\/wp\/v2\/pages"}],"about":[{"href":"https:\/\/rhein-main-blog.de\/en\/wp-json\/wp\/v2\/types\/page"}],"author":[{"embeddable":true,"href":"https:\/\/rhein-main-blog.de\/en\/wp-json\/wp\/v2\/users\/2"}],"replies":[{"embeddable":true,"href":"https:\/\/rhein-main-blog.de\/en\/wp-json\/wp\/v2\/comments?post=95"}],"version-history":[{"count":3,"href":"https:\/\/rhein-main-blog.de\/en\/wp-json\/wp\/v2\/pages\/95\/revisions"}],"predecessor-version":[{"id":1790,"href":"https:\/\/rhein-main-blog.de\/en\/wp-json\/wp\/v2\/pages\/95\/revisions\/1790"}],"wp:attachment":[{"href":"https:\/\/rhein-main-blog.de\/en\/wp-json\/wp\/v2\/media?parent=95"}],"curies":[{"name":"wp","href":"https:\/\/api.w.org\/{rel}","templated":true}]}}